{"id":75152,"date":"2026-02-25T15:09:53","date_gmt":"2026-02-25T14:09:53","guid":{"rendered":"https:\/\/www.chemin-neuf.be\/?page_id=75152"},"modified":"2026-02-25T15:12:33","modified_gmt":"2026-02-25T14:12:33","slug":"faire-un-don","status":"publish","type":"page","link":"https:\/\/www.chemin-neuf.be\/fr\/faire-un-don\/","title":{"rendered":"Faire un don"},"content":{"rendered":"\n<h3 class=\"wp-block-heading has-text-align-center\">Merci pour votre soutien!<\/h3>\n\n\n\n<div class=\"wp-block-buttons is-content-justification-center is-layout-flex wp-container-core-buttons-is-layout-16018d1d wp-block-buttons-is-layout-flex\">\n<div class=\"wp-block-button\"><a class=\"wp-block-button__link wp-element-button\" href=\"https:\/\/dons.chemin-neuf.fr\/don\/?title=Communaut%C3%A9%20du%20Chemin%20Neuf%20en%20Belgique\" target=\"_blank\" rel=\"noreferrer noopener\">Soutenez les projets de la Communaut\u00e9 du Chemin Neuf en Belgique<\/a><\/div>\n<\/div>\n\n\n\n<div class=\"wp-block-buttons is-content-justification-center is-layout-flex wp-container-core-buttons-is-layout-16018d1d wp-block-buttons-is-layout-flex\">\n<div class=\"wp-block-button\"><a class=\"wp-block-button__link wp-element-button\" href=\"https:\/\/www.streetchildrenofkinshasa.org\/fr\/faire-un-don\/\" target=\"_blank\" rel=\"noreferrer noopener\">Soutenez la mission aupr\u00e8s des enfants de la rue \u00e0 Kinshasa, RDC<\/a><\/div>\n<\/div>\n\n\n\n<div class=\"wp-block-buttons is-content-justification-center is-layout-flex wp-container-core-buttons-is-layout-16018d1d wp-block-buttons-is-layout-flex\">\n<div class=\"wp-block-button\"><a class=\"wp-block-button__link wp-element-button\" href=\"http:\/\/dons.chemin-neuf.fr\/philippines\" target=\"_blank\" rel=\"noreferrer noopener\">Soutenez la mission aupr\u00e8s des enfants de la rue \u00e0 Manille, Philippines<\/a><\/div>\n<\/div>\n","protected":false},"excerpt":{"rendered":"<p>Merci pour votre soutien!<\/p>\n","protected":false},"author":1,"featured_media":75153,"parent":0,"menu_order":0,"comment_status":"closed","ping_status":"closed","template":"","meta":{"_acf_changed":false,"footnotes":""},"class_list":["post-75152","page","type-page","status-publish","has-post-thumbnail","hentry"],"acf":[],"yoast_head":"<!-- This site is optimized with the Yoast SEO plugin v27.6 - https:\/\/yoast.com\/product\/yoast-seo-wordpress\/ -->\n<title>Faire un don - Chemin Neuf Belgique<\/title>\n<meta name=\"description\" content=\"Merci pour votre soutien! Soutenez les projets de la Communaut\u00e9 du Chemin Neuf en Belgique Soutenez la mission aupr\u00e8s des enfants de la rue \u00e0 Kinshasa,\" \/>\n<meta name=\"robots\" content=\"index, follow, max-snippet:-1, max-image-preview:large, max-video-preview:-1\" \/>\n<link rel=\"canonical\" href=\"https:\/\/www.chemin-neuf.be\/fr\/faire-un-don\/\" \/>\n<meta property=\"og:locale\" content=\"fr_FR\" \/>\n<meta property=\"og:type\" content=\"article\" \/>\n<meta property=\"og:title\" content=\"Faire un don - Chemin Neuf Belgique\" \/>\n<meta property=\"og:description\" content=\"Merci pour votre soutien! Soutenez les projets de la Communaut\u00e9 du Chemin Neuf en Belgique Soutenez la mission aupr\u00e8s des enfants de la rue \u00e0 Kinshasa,\" \/>\n<meta property=\"og:url\" content=\"https:\/\/www.chemin-neuf.be\/fr\/faire-un-don\/\" \/>\n<meta property=\"og:site_name\" content=\"Chemin Neuf Belgique\" \/>\n<meta property=\"article:modified_time\" content=\"2026-02-25T14:12:33+00:00\" \/>\n<meta property=\"og:image\" content=\"https:\/\/www.chemin-neuf.be\/wp-content\/uploads\/2026\/02\/don.jpg\" \/>\n\t<meta property=\"og:image:width\" content=\"1920\" \/>\n\t<meta property=\"og:image:height\" content=\"1280\" \/>\n\t<meta property=\"og:image:type\" content=\"image\/jpeg\" \/>\n<meta name=\"twitter:card\" content=\"summary_large_image\" \/>\n<meta name=\"twitter:label1\" content=\"Dur\u00e9e de lecture est.\" \/>\n\t<meta name=\"twitter:data1\" content=\"1 minute\" \/>\n<script type=\"application\/ld+json\" class=\"yoast-schema-graph\">{\"@context\":\"https:\\\/\\\/schema.org\",\"@graph\":[{\"@type\":\"WebPage\",\"@id\":\"https:\\\/\\\/www.chemin-neuf.be\\\/fr\\\/faire-un-don\\\/\",\"url\":\"https:\\\/\\\/www.chemin-neuf.be\\\/fr\\\/faire-un-don\\\/\",\"name\":\"Faire un don - Chemin Neuf Belgique\",\"isPartOf\":{\"@id\":\"https:\\\/\\\/www.chemin-neuf.be\\\/fr\\\/#website\"},\"primaryImageOfPage\":{\"@id\":\"https:\\\/\\\/www.chemin-neuf.be\\\/fr\\\/faire-un-don\\\/#primaryimage\"},\"image\":{\"@id\":\"https:\\\/\\\/www.chemin-neuf.be\\\/fr\\\/faire-un-don\\\/#primaryimage\"},\"thumbnailUrl\":\"https:\\\/\\\/www.chemin-neuf.be\\\/wp-content\\\/uploads\\\/2026\\\/02\\\/don.jpg\",\"datePublished\":\"2026-02-25T14:09:53+00:00\",\"dateModified\":\"2026-02-25T14:12:33+00:00\",\"description\":\"Merci pour votre soutien! Soutenez les projets de la Communaut\u00e9 du Chemin Neuf en Belgique Soutenez la mission aupr\u00e8s des enfants de la rue \u00e0 Kinshasa,\",\"breadcrumb\":{\"@id\":\"https:\\\/\\\/www.chemin-neuf.be\\\/fr\\\/faire-un-don\\\/#breadcrumb\"},\"inLanguage\":\"fr-BE\",\"potentialAction\":[{\"@type\":\"ReadAction\",\"target\":[\"https:\\\/\\\/www.chemin-neuf.be\\\/fr\\\/faire-un-don\\\/\"]}]},{\"@type\":\"ImageObject\",\"inLanguage\":\"fr-BE\",\"@id\":\"https:\\\/\\\/www.chemin-neuf.be\\\/fr\\\/faire-un-don\\\/#primaryimage\",\"url\":\"https:\\\/\\\/www.chemin-neuf.be\\\/wp-content\\\/uploads\\\/2026\\\/02\\\/don.jpg\",\"contentUrl\":\"https:\\\/\\\/www.chemin-neuf.be\\\/wp-content\\\/uploads\\\/2026\\\/02\\\/don.jpg\",\"width\":1920,\"height\":1280},{\"@type\":\"BreadcrumbList\",\"@id\":\"https:\\\/\\\/www.chemin-neuf.be\\\/fr\\\/faire-un-don\\\/#breadcrumb\",\"itemListElement\":[{\"@type\":\"ListItem\",\"position\":1,\"name\":\"Home\",\"item\":\"https:\\\/\\\/www.chemin-neuf.be\\\/fr\\\/\"},{\"@type\":\"ListItem\",\"position\":2,\"name\":\"Faire un don\"}]},{\"@type\":\"WebSite\",\"@id\":\"https:\\\/\\\/www.chemin-neuf.be\\\/fr\\\/#website\",\"url\":\"https:\\\/\\\/www.chemin-neuf.be\\\/fr\\\/\",\"name\":\"Chemin Neuf Belgique\",\"description\":\"Communaut\u00e9 du Chemin Neuf en Belgique\",\"potentialAction\":[{\"@type\":\"SearchAction\",\"target\":{\"@type\":\"EntryPoint\",\"urlTemplate\":\"https:\\\/\\\/www.chemin-neuf.be\\\/fr\\\/?s={search_term_string}\"},\"query-input\":{\"@type\":\"PropertyValueSpecification\",\"valueRequired\":true,\"valueName\":\"search_term_string\"}}],\"inLanguage\":\"fr-BE\"}]}<\/script>\n<!-- \/ Yoast SEO plugin. -->","yoast_head_json":{"title":"Faire un don - Chemin Neuf Belgique","description":"Merci pour votre soutien! Soutenez les projets de la Communaut\u00e9 du Chemin Neuf en Belgique Soutenez la mission aupr\u00e8s des enfants de la rue \u00e0 Kinshasa,","robots":{"index":"index","follow":"follow","max-snippet":"max-snippet:-1","max-image-preview":"max-image-preview:large","max-video-preview":"max-video-preview:-1"},"canonical":"https:\/\/www.chemin-neuf.be\/fr\/faire-un-don\/","og_locale":"fr_FR","og_type":"article","og_title":"Faire un don - Chemin Neuf Belgique","og_description":"Merci pour votre soutien! Soutenez les projets de la Communaut\u00e9 du Chemin Neuf en Belgique Soutenez la mission aupr\u00e8s des enfants de la rue \u00e0 Kinshasa,","og_url":"https:\/\/www.chemin-neuf.be\/fr\/faire-un-don\/","og_site_name":"Chemin Neuf Belgique","article_modified_time":"2026-02-25T14:12:33+00:00","og_image":[{"width":1920,"height":1280,"url":"https:\/\/www.chemin-neuf.be\/wp-content\/uploads\/2026\/02\/don.jpg","type":"image\/jpeg"}],"twitter_card":"summary_large_image","twitter_misc":{"Dur\u00e9e de lecture est.":"1 minute"},"schema":{"@context":"https:\/\/schema.org","@graph":[{"@type":"WebPage","@id":"https:\/\/www.chemin-neuf.be\/fr\/faire-un-don\/","url":"https:\/\/www.chemin-neuf.be\/fr\/faire-un-don\/","name":"Faire un don - Chemin Neuf Belgique","isPartOf":{"@id":"https:\/\/www.chemin-neuf.be\/fr\/#website"},"primaryImageOfPage":{"@id":"https:\/\/www.chemin-neuf.be\/fr\/faire-un-don\/#primaryimage"},"image":{"@id":"https:\/\/www.chemin-neuf.be\/fr\/faire-un-don\/#primaryimage"},"thumbnailUrl":"https:\/\/www.chemin-neuf.be\/wp-content\/uploads\/2026\/02\/don.jpg","datePublished":"2026-02-25T14:09:53+00:00","dateModified":"2026-02-25T14:12:33+00:00","description":"Merci pour votre soutien! Soutenez les projets de la Communaut\u00e9 du Chemin Neuf en Belgique Soutenez la mission aupr\u00e8s des enfants de la rue \u00e0 Kinshasa,","breadcrumb":{"@id":"https:\/\/www.chemin-neuf.be\/fr\/faire-un-don\/#breadcrumb"},"inLanguage":"fr-BE","potentialAction":[{"@type":"ReadAction","target":["https:\/\/www.chemin-neuf.be\/fr\/faire-un-don\/"]}]},{"@type":"ImageObject","inLanguage":"fr-BE","@id":"https:\/\/www.chemin-neuf.be\/fr\/faire-un-don\/#primaryimage","url":"https:\/\/www.chemin-neuf.be\/wp-content\/uploads\/2026\/02\/don.jpg","contentUrl":"https:\/\/www.chemin-neuf.be\/wp-content\/uploads\/2026\/02\/don.jpg","width":1920,"height":1280},{"@type":"BreadcrumbList","@id":"https:\/\/www.chemin-neuf.be\/fr\/faire-un-don\/#breadcrumb","itemListElement":[{"@type":"ListItem","position":1,"name":"Home","item":"https:\/\/www.chemin-neuf.be\/fr\/"},{"@type":"ListItem","position":2,"name":"Faire un don"}]},{"@type":"WebSite","@id":"https:\/\/www.chemin-neuf.be\/fr\/#website","url":"https:\/\/www.chemin-neuf.be\/fr\/","name":"Chemin Neuf Belgique","description":"Communaut\u00e9 du Chemin Neuf en Belgique","potentialAction":[{"@type":"SearchAction","target":{"@type":"EntryPoint","urlTemplate":"https:\/\/www.chemin-neuf.be\/fr\/?s={search_term_string}"},"query-input":{"@type":"PropertyValueSpecification","valueRequired":true,"valueName":"search_term_string"}}],"inLanguage":"fr-BE"}]}},"_links":{"self":[{"href":"https:\/\/www.chemin-neuf.be\/fr\/wp-json\/wp\/v2\/pages\/75152","targetHints":{"allow":["GET"]}}],"collection":[{"href":"https:\/\/www.chemin-neuf.be\/fr\/wp-json\/wp\/v2\/pages"}],"about":[{"href":"https:\/\/www.chemin-neuf.be\/fr\/wp-json\/wp\/v2\/types\/page"}],"author":[{"embeddable":true,"href":"https:\/\/www.chemin-neuf.be\/fr\/wp-json\/wp\/v2\/users\/1"}],"replies":[{"embeddable":true,"href":"https:\/\/www.chemin-neuf.be\/fr\/wp-json\/wp\/v2\/comments?post=75152"}],"version-history":[{"count":3,"href":"https:\/\/www.chemin-neuf.be\/fr\/wp-json\/wp\/v2\/pages\/75152\/revisions"}],"predecessor-version":[{"id":75161,"href":"https:\/\/www.chemin-neuf.be\/fr\/wp-json\/wp\/v2\/pages\/75152\/revisions\/75161"}],"wp:featuredmedia":[{"embeddable":true,"href":"https:\/\/www.chemin-neuf.be\/fr\/wp-json\/wp\/v2\/media\/75153"}],"wp:attachment":[{"href":"https:\/\/www.chemin-neuf.be\/fr\/wp-json\/wp\/v2\/media?parent=75152"}],"curies":[{"name":"wp","href":"https:\/\/api.w.org\/{rel}","templated":true}]}}