{"id":2675,"date":"2021-05-06T18:22:13","date_gmt":"2021-05-06T16:22:13","guid":{"rendered":"https:\/\/next.chemin-neuf.be\/?page_id=2675"},"modified":"2021-05-22T09:39:03","modified_gmt":"2021-05-22T07:39:03","slug":"aletranger","status":"publish","type":"page","link":"https:\/\/www.chemin-neuf.be\/fr\/missions\/aletranger\/","title":{"rendered":"\u00c0 l&rsquo;\u00e9tranger"},"content":{"rendered":"\n<h3 class=\"wp-block-heading\"><span class=\"has-inline-color has-orange-color\">Hautecombe Discipleship School (HDS)<\/span><\/h3>\n\n\n\n<div class=\"wp-block-columns is-style-restricted-width is-layout-flex wp-container-core-columns-is-layout-9d6595d7 wp-block-columns-is-layout-flex\">\n<div class=\"wp-block-column is-vertically-aligned-top is-layout-flow wp-block-column-is-layout-flow\" style=\"flex-basis:60%\">\n<blockquote class=\"wp-block-quote is-layout-flow wp-block-quote-is-layout-flow\"><p><strong><span class=\"has-inline-color has-beige-color\">Devenir disciple<\/span> et c<span class=\"has-inline-color has-beige-color\">hanger le monde.<\/span><\/strong><\/p><\/blockquote>\n\n\n\n<p>L\u2019objectif d\u2019un temps de c\u00e9sure chr\u00e9tien est de t\u2019aider \u00e0 muscler ta foi. Port\u00e9 par la vie de pri\u00e8re dans un cadre unique, Hautecombe Discipleship School te donne l\u2019occasion de faire <strong>un pas de plus vers le Seigneur.<\/strong> Une ann\u00e9e pour Dieu.<br><br>Mieux conna\u00eetre sa foi, rencontrer le monde sous un to\u00eet, et approfondir sa pri\u00e8re.<br><br><strong>D\u00e9couvre cette formation pour les jeunes chr\u00e9tiens de toutes les confessions.<\/strong><\/p>\n\n\n\n<p class=\"has-text-align-right\">Website du <a href=\"https:\/\/formations.chemin-neuf.fr\/hautecombe-discipleship-school-hds\/\" target=\"_blank\" rel=\"noreferrer noopener\">Hautecombe Discipleship School<\/a><\/p>\n<\/div>\n\n\n\n<div class=\"wp-block-column is-layout-flow wp-block-column-is-layout-flow\" style=\"flex-basis:33.33%\">\n<div class=\"wp-block-cover aligncenter is-style-click-link\" style=\"min-height:350px;aspect-ratio:unset;\"><img decoding=\"async\" class=\"wp-block-cover__image-background wp-image-1866\" alt=\"\" src=\"https:\/\/www.chemin-neuf.nl\/wp-content\/uploads\/2021\/03\/Centre-international-de-Formation-1024x691.jpg\" style=\"object-position:67% 66%\" data-object-fit=\"cover\" data-object-position=\"67% 66%\"\/><div class=\"wp-block-cover__inner-container is-layout-flow wp-block-cover-is-layout-flow\">\n<p class=\"has-text-align-center has-large-font-size\"><a href=\"https:\/\/formations.chemin-neuf.fr\/hautecombe-discipleship-school\/english\/\" target=\"_blank\" rel=\"noreferrer noopener\"><strong>FORMATION CHR\u00c9TIENNE<\/strong><\/a><\/p>\n<\/div><\/div>\n\n\n\n<figure class=\"wp-block-video\"><video controls poster=\"https:\/\/www.chemin-neuf.nl\/wp-content\/uploads\/2021\/03\/DJI_0044-scaled.jpg\" src=\"https:\/\/formations.chemin-neuf.fr\/wp-content\/uploads\/2020\/12\/video-site-hds.mp4\"><\/video><\/figure>\n<\/div>\n<\/div>\n\n\n\n<h3 class=\"has-orange-color has-text-color wp-block-heading\">Trois mois pour apprendre une nouvelle langue<\/h3>\n\n\n\n<div class=\"wp-block-columns is-style-restricted-width is-layout-flex wp-container-core-columns-is-layout-9d6595d7 wp-block-columns-is-layout-flex\">\n<div class=\"wp-block-column is-vertically-aligned-top is-layout-flow wp-block-column-is-layout-flow\" style=\"flex-basis:33.33%\">\n<div class=\"wp-block-cover alignfull is-style-click-link\" style=\"min-height:300px;aspect-ratio:unset;\"><img decoding=\"async\" class=\"wp-block-cover__image-background wp-image-1248\" alt=\"\" src=\"https:\/\/www.chemin-neuf.nl\/wp-content\/uploads\/2021\/02\/DSC_0130-1024x680.jpg\" style=\"object-position:37% 54%\" data-object-fit=\"cover\" data-object-position=\"37% 54%\"\/><div class=\"wp-block-cover__inner-container is-layout-flow wp-block-cover-is-layout-flow\">\n<p class=\"has-text-align-center has-large-font-size\"><strong><a href=\"https:\/\/jeunes.chemin-neuf.fr\/home\/cesure\/ecole-de-langue\/\" target=\"_blank\" rel=\"noreferrer noopener\">\u00c9COLE DE LANGUE<\/a><\/strong><\/p>\n<\/div><\/div>\n<\/div>\n\n\n\n<div class=\"wp-block-column is-layout-flow wp-block-column-is-layout-flow\" style=\"flex-basis:66.66%\">\n<blockquote class=\"wp-block-quote is-layout-flow wp-block-quote-is-layout-flow\"><p>\u00ab<span class=\"has-inline-color has-beige-color\"><strong> Quitte ton pays, ta famille et la maison de ton p\u00e8re, et va vers le pays que je t\u2019indiquerai. \u00bb <\/strong><\/span><\/p><cite>Gen\u00e8se 12,1<\/cite><\/blockquote>\n\n\n\n<p style=\"line-height:1.6\"><span class=\"has-inline-color has-gray-color\">Les \u00e9coles de langue, c\u2019est 3 mois pour apprendre une nouvelle langue, d\u00e9couvrir de nouvelles cultures, rencontrer des jeunes d\u2019autres pays et go\u00fbter \u00e0 la vie fraternelle et communautaire<\/span>.<\/p>\n\n\n\n<p>Allemagne et <a href=\"https:\/\/www.chemin-neuf.org.uk\/programmes\/english-language-programme\/\" target=\"_blank\" rel=\"noreferrer noopener\">Angleterre<\/a>.<\/p>\n\n\n\n<p>Pour les jeunes entre 18 et 30 ans :<\/p>\n\n\n\n<p>\u2013 pour tous ceux qui r\u00eavent de voyages et d\u2019aventures,<br>\u2013 pour tous les passionn\u00e9s de langues \u00e9trang\u00e8res qui r\u00eavent de devenir polyglottes<br>\u2013 pour tous ceux qui ont le don des langues\u2026 et tous ceux qui ne l\u2019ont pas (encore ) !<\/p>\n<\/div>\n<\/div>\n\n\n\n<h3 class=\"wp-block-heading\"><span class=\"has-inline-color has-orange-color\">Un an de volontariat avec JET<\/span><\/h3>\n\n\n\n<div class=\"wp-block-columns is-style-restricted-width is-layout-flex wp-container-core-columns-is-layout-9d6595d7 wp-block-columns-is-layout-flex\">\n<div class=\"wp-block-column is-vertically-aligned-top is-layout-flow wp-block-column-is-layout-flow\" style=\"flex-basis:66.66%\">\n<blockquote class=\"wp-block-quote is-layout-flow wp-block-quote-is-layout-flow\"><p><strong>\u201cNous avons des mains pour servir et un c\u0153ur pour aimer\u201d<\/strong><\/p><cite>M\u00e8re Teresa de Calcutta<\/cite><\/blockquote>\n\n\n\n<p>JET \u2013 <strong>J<\/strong>eune \u00e0 l\u2019<strong>\u00c9T<\/strong>ranger \u2013 permet chaque ann\u00e9e \u00e0 une trentaine de jeunes de partir \u00e0 l\u2019\u00e9tranger pour un temps de volontariat, tout en partageant la vie spirituelle et fraternelle de la Communaut\u00e9 du Chemin Neuf.<\/p>\n\n\n\n<p style=\"line-height:1.6\">Etudiant ou jeune professionnel, JET te permet de partir de 2 mois \u00e0 2 ans vivre une exp\u00e9rience interculturelle au service des autres et de Dieu : centre de sant\u00e9 au Tchad, accueil de p\u00e8lerins en Terre Sainte, accompagnement des enfants des rues au Congo\u2026<\/p>\n<\/div>\n\n\n\n<div class=\"wp-block-column is-vertically-aligned-top is-layout-flow wp-block-column-is-layout-flow\" style=\"flex-basis:33.33%\">\n<div class=\"wp-block-cover is-style-click-link\" style=\"min-height:400px;aspect-ratio:unset;\"><img decoding=\"async\" class=\"wp-block-cover__image-background wp-image-2910\" alt=\"\" src=\"https:\/\/www.chemin-neuf.nl\/wp-content\/uploads\/2021\/03\/aeatunvneik-1024x683.jpg\" data-object-fit=\"cover\"\/><div class=\"wp-block-cover__inner-container is-layout-flow wp-block-cover-is-layout-flow\">\n<p class=\"has-text-align-center has-large-font-size\"><strong><a href=\"https:\/\/jet.chemin-neuf.fr\/\" target=\"_blank\" rel=\"noreferrer noopener\">JEUNES<\/a><\/strong><br><strong><a href=\"https:\/\/jet.chemin-neuf.fr\/\" target=\"_blank\" rel=\"noreferrer noopener\">\u00c0 L&rsquo;\u00c9TRANGER<\/a><\/strong><\/p>\n<\/div><\/div>\n<\/div>\n<\/div>\n\n\n\n<h3 class=\"wp-block-heading\"><span class=\"has-inline-color has-orange-color\">Un Chemin Neuf pour vos vacances<\/span><\/h3>\n\n\n\n<div class=\"wp-block-columns is-style-restricted-width is-layout-flex wp-container-core-columns-is-layout-9d6595d7 wp-block-columns-is-layout-flex\">\n<div class=\"wp-block-column is-vertically-aligned-top is-layout-flow wp-block-column-is-layout-flow\" style=\"flex-basis:33.33%\">\n<div class=\"wp-block-cover is-style-click-link\" style=\"min-height:350px;aspect-ratio:unset;\"><img decoding=\"async\" class=\"wp-block-cover__image-background wp-image-1873\" alt=\"\" src=\"https:\/\/www.chemin-neuf.nl\/wp-content\/uploads\/2021\/03\/asie-e1618519843635.jpg\" data-object-fit=\"cover\"\/><div class=\"wp-block-cover__inner-container is-layout-flow wp-block-cover-is-layout-flow\">\n<p class=\"has-text-align-center has-large-font-size\"><strong><a href=\"https:\/\/ephata.chemin-neuf.fr\/\">VOYAGES ET P\u00c8LERINAGES<\/a><\/strong><\/p>\n<\/div><\/div>\n<\/div>\n\n\n\n<div class=\"wp-block-column is-vertically-aligned-center is-layout-flow wp-block-column-is-layout-flow\" style=\"flex-basis:66.66%\">\n<p><strong>Vacances spirituelles, p\u00e8lerinages, d\u00e9couverte de nouvelles terres\u2026<\/strong><\/p>\n\n\n\n<p>Seul, avec votre famille, avec un groupe\u2026<\/p>\n<\/div>\n<\/div>\n","protected":false},"excerpt":{"rendered":"<p>Hautecombe Discipleship School (HDS) Devenir disciple et changer le monde. L\u2019objectif d\u2019un temps de c\u00e9sure chr\u00e9tien est de t\u2019aider \u00e0 muscler ta foi. Port\u00e9 par la vie de pri\u00e8re dans un cadre unique, Hautecombe Discipleship School te donne l\u2019occasion de faire un pas de plus vers le Seigneur. Une ann\u00e9e pour Dieu. Mieux conna\u00eetre sa [&hellip;]<\/p>\n","protected":false},"author":1,"featured_media":2690,"parent":349,"menu_order":6,"comment_status":"closed","ping_status":"closed","template":"","meta":{"_acf_changed":false,"footnotes":""},"class_list":["post-2675","page","type-page","status-publish","has-post-thumbnail","hentry"],"acf":[],"yoast_head":"<!-- This site is optimized with the Yoast SEO plugin v27.5 - https:\/\/yoast.com\/product\/yoast-seo-wordpress\/ -->\n<title>\u00c0 l&#039;\u00e9tranger - Chemin Neuf Belgique<\/title>\n<meta name=\"description\" content=\"Hautecombe Discipleship School (HDS) Devenir disciple et changer le monde. L\u2019objectif d\u2019un temps de c\u00e9sure chr\u00e9tien est de t\u2019aider \u00e0 muscler ta foi. Port\u00e9\" \/>\n<meta name=\"robots\" content=\"index, follow, max-snippet:-1, max-image-preview:large, max-video-preview:-1\" \/>\n<link rel=\"canonical\" href=\"https:\/\/www.chemin-neuf.be\/fr\/missions\/aletranger\/\" \/>\n<meta property=\"og:locale\" content=\"fr_FR\" \/>\n<meta property=\"og:type\" content=\"article\" \/>\n<meta property=\"og:title\" content=\"\u00c0 l&#039;\u00e9tranger - Chemin Neuf Belgique\" \/>\n<meta property=\"og:description\" content=\"Hautecombe Discipleship School (HDS) Devenir disciple et changer le monde. L\u2019objectif d\u2019un temps de c\u00e9sure chr\u00e9tien est de t\u2019aider \u00e0 muscler ta foi. Port\u00e9\" \/>\n<meta property=\"og:url\" content=\"https:\/\/www.chemin-neuf.be\/fr\/missions\/aletranger\/\" \/>\n<meta property=\"og:site_name\" content=\"Chemin Neuf Belgique\" \/>\n<meta property=\"article:modified_time\" content=\"2021-05-22T07:39:03+00:00\" \/>\n<meta property=\"og:image\" content=\"https:\/\/www.chemin-neuf.be\/wp-content\/uploads\/2021\/05\/qyaka7w5umy.jpg\" \/>\n\t<meta property=\"og:image:width\" content=\"1519\" \/>\n\t<meta property=\"og:image:height\" content=\"1200\" \/>\n\t<meta property=\"og:image:type\" content=\"image\/jpeg\" \/>\n<meta name=\"twitter:card\" content=\"summary_large_image\" \/>\n<meta name=\"twitter:label1\" content=\"Dur\u00e9e de lecture est.\" \/>\n\t<meta name=\"twitter:data1\" content=\"3 minutes\" \/>\n<script type=\"application\/ld+json\" class=\"yoast-schema-graph\">{\"@context\":\"https:\\\/\\\/schema.org\",\"@graph\":[{\"@type\":\"WebPage\",\"@id\":\"https:\\\/\\\/www.chemin-neuf.be\\\/fr\\\/missions\\\/aletranger\\\/\",\"url\":\"https:\\\/\\\/www.chemin-neuf.be\\\/fr\\\/missions\\\/aletranger\\\/\",\"name\":\"\u00c0 l'\u00e9tranger - Chemin Neuf Belgique\",\"isPartOf\":{\"@id\":\"https:\\\/\\\/www.chemin-neuf.be\\\/fr\\\/#website\"},\"primaryImageOfPage\":{\"@id\":\"https:\\\/\\\/www.chemin-neuf.be\\\/fr\\\/missions\\\/aletranger\\\/#primaryimage\"},\"image\":{\"@id\":\"https:\\\/\\\/www.chemin-neuf.be\\\/fr\\\/missions\\\/aletranger\\\/#primaryimage\"},\"thumbnailUrl\":\"https:\\\/\\\/www.chemin-neuf.be\\\/wp-content\\\/uploads\\\/2021\\\/05\\\/qyaka7w5umy.jpg\",\"datePublished\":\"2021-05-06T16:22:13+00:00\",\"dateModified\":\"2021-05-22T07:39:03+00:00\",\"description\":\"Hautecombe Discipleship School (HDS) Devenir disciple et changer le monde. L\u2019objectif d\u2019un temps de c\u00e9sure chr\u00e9tien est de t\u2019aider \u00e0 muscler ta foi. Port\u00e9\",\"breadcrumb\":{\"@id\":\"https:\\\/\\\/www.chemin-neuf.be\\\/fr\\\/missions\\\/aletranger\\\/#breadcrumb\"},\"inLanguage\":\"fr-BE\",\"potentialAction\":[{\"@type\":\"ReadAction\",\"target\":[\"https:\\\/\\\/www.chemin-neuf.be\\\/fr\\\/missions\\\/aletranger\\\/\"]}]},{\"@type\":\"ImageObject\",\"inLanguage\":\"fr-BE\",\"@id\":\"https:\\\/\\\/www.chemin-neuf.be\\\/fr\\\/missions\\\/aletranger\\\/#primaryimage\",\"url\":\"https:\\\/\\\/www.chemin-neuf.be\\\/wp-content\\\/uploads\\\/2021\\\/05\\\/qyaka7w5umy.jpg\",\"contentUrl\":\"https:\\\/\\\/www.chemin-neuf.be\\\/wp-content\\\/uploads\\\/2021\\\/05\\\/qyaka7w5umy.jpg\",\"width\":1519,\"height\":1200,\"caption\":\"flat lay photography of camera, book, and bag\"},{\"@type\":\"BreadcrumbList\",\"@id\":\"https:\\\/\\\/www.chemin-neuf.be\\\/fr\\\/missions\\\/aletranger\\\/#breadcrumb\",\"itemListElement\":[{\"@type\":\"ListItem\",\"position\":1,\"name\":\"Home\",\"item\":\"https:\\\/\\\/www.chemin-neuf.be\\\/fr\\\/\"},{\"@type\":\"ListItem\",\"position\":2,\"name\":\"PROPOSITIONS\",\"item\":\"https:\\\/\\\/www.chemin-neuf.be\\\/fr\\\/missions\\\/\"},{\"@type\":\"ListItem\",\"position\":3,\"name\":\"\u00c0 l&rsquo;\u00e9tranger\"}]},{\"@type\":\"WebSite\",\"@id\":\"https:\\\/\\\/www.chemin-neuf.be\\\/fr\\\/#website\",\"url\":\"https:\\\/\\\/www.chemin-neuf.be\\\/fr\\\/\",\"name\":\"Chemin Neuf Belgique\",\"description\":\"Communaut\u00e9 du Chemin Neuf en Belgique\",\"potentialAction\":[{\"@type\":\"SearchAction\",\"target\":{\"@type\":\"EntryPoint\",\"urlTemplate\":\"https:\\\/\\\/www.chemin-neuf.be\\\/fr\\\/?s={search_term_string}\"},\"query-input\":{\"@type\":\"PropertyValueSpecification\",\"valueRequired\":true,\"valueName\":\"search_term_string\"}}],\"inLanguage\":\"fr-BE\"}]}<\/script>\n<!-- \/ Yoast SEO plugin. -->","yoast_head_json":{"title":"\u00c0 l'\u00e9tranger - Chemin Neuf Belgique","description":"Hautecombe Discipleship School (HDS) Devenir disciple et changer le monde. L\u2019objectif d\u2019un temps de c\u00e9sure chr\u00e9tien est de t\u2019aider \u00e0 muscler ta foi. Port\u00e9","robots":{"index":"index","follow":"follow","max-snippet":"max-snippet:-1","max-image-preview":"max-image-preview:large","max-video-preview":"max-video-preview:-1"},"canonical":"https:\/\/www.chemin-neuf.be\/fr\/missions\/aletranger\/","og_locale":"fr_FR","og_type":"article","og_title":"\u00c0 l'\u00e9tranger - Chemin Neuf Belgique","og_description":"Hautecombe Discipleship School (HDS) Devenir disciple et changer le monde. L\u2019objectif d\u2019un temps de c\u00e9sure chr\u00e9tien est de t\u2019aider \u00e0 muscler ta foi. Port\u00e9","og_url":"https:\/\/www.chemin-neuf.be\/fr\/missions\/aletranger\/","og_site_name":"Chemin Neuf Belgique","article_modified_time":"2021-05-22T07:39:03+00:00","og_image":[{"width":1519,"height":1200,"url":"https:\/\/www.chemin-neuf.be\/wp-content\/uploads\/2021\/05\/qyaka7w5umy.jpg","type":"image\/jpeg"}],"twitter_card":"summary_large_image","twitter_misc":{"Dur\u00e9e de lecture est.":"3 minutes"},"schema":{"@context":"https:\/\/schema.org","@graph":[{"@type":"WebPage","@id":"https:\/\/www.chemin-neuf.be\/fr\/missions\/aletranger\/","url":"https:\/\/www.chemin-neuf.be\/fr\/missions\/aletranger\/","name":"\u00c0 l'\u00e9tranger - Chemin Neuf Belgique","isPartOf":{"@id":"https:\/\/www.chemin-neuf.be\/fr\/#website"},"primaryImageOfPage":{"@id":"https:\/\/www.chemin-neuf.be\/fr\/missions\/aletranger\/#primaryimage"},"image":{"@id":"https:\/\/www.chemin-neuf.be\/fr\/missions\/aletranger\/#primaryimage"},"thumbnailUrl":"https:\/\/www.chemin-neuf.be\/wp-content\/uploads\/2021\/05\/qyaka7w5umy.jpg","datePublished":"2021-05-06T16:22:13+00:00","dateModified":"2021-05-22T07:39:03+00:00","description":"Hautecombe Discipleship School (HDS) Devenir disciple et changer le monde. L\u2019objectif d\u2019un temps de c\u00e9sure chr\u00e9tien est de t\u2019aider \u00e0 muscler ta foi. Port\u00e9","breadcrumb":{"@id":"https:\/\/www.chemin-neuf.be\/fr\/missions\/aletranger\/#breadcrumb"},"inLanguage":"fr-BE","potentialAction":[{"@type":"ReadAction","target":["https:\/\/www.chemin-neuf.be\/fr\/missions\/aletranger\/"]}]},{"@type":"ImageObject","inLanguage":"fr-BE","@id":"https:\/\/www.chemin-neuf.be\/fr\/missions\/aletranger\/#primaryimage","url":"https:\/\/www.chemin-neuf.be\/wp-content\/uploads\/2021\/05\/qyaka7w5umy.jpg","contentUrl":"https:\/\/www.chemin-neuf.be\/wp-content\/uploads\/2021\/05\/qyaka7w5umy.jpg","width":1519,"height":1200,"caption":"flat lay photography of camera, book, and bag"},{"@type":"BreadcrumbList","@id":"https:\/\/www.chemin-neuf.be\/fr\/missions\/aletranger\/#breadcrumb","itemListElement":[{"@type":"ListItem","position":1,"name":"Home","item":"https:\/\/www.chemin-neuf.be\/fr\/"},{"@type":"ListItem","position":2,"name":"PROPOSITIONS","item":"https:\/\/www.chemin-neuf.be\/fr\/missions\/"},{"@type":"ListItem","position":3,"name":"\u00c0 l&rsquo;\u00e9tranger"}]},{"@type":"WebSite","@id":"https:\/\/www.chemin-neuf.be\/fr\/#website","url":"https:\/\/www.chemin-neuf.be\/fr\/","name":"Chemin Neuf Belgique","description":"Communaut\u00e9 du Chemin Neuf en Belgique","potentialAction":[{"@type":"SearchAction","target":{"@type":"EntryPoint","urlTemplate":"https:\/\/www.chemin-neuf.be\/fr\/?s={search_term_string}"},"query-input":{"@type":"PropertyValueSpecification","valueRequired":true,"valueName":"search_term_string"}}],"inLanguage":"fr-BE"}]}},"_links":{"self":[{"href":"https:\/\/www.chemin-neuf.be\/fr\/wp-json\/wp\/v2\/pages\/2675","targetHints":{"allow":["GET"]}}],"collection":[{"href":"https:\/\/www.chemin-neuf.be\/fr\/wp-json\/wp\/v2\/pages"}],"about":[{"href":"https:\/\/www.chemin-neuf.be\/fr\/wp-json\/wp\/v2\/types\/page"}],"author":[{"embeddable":true,"href":"https:\/\/www.chemin-neuf.be\/fr\/wp-json\/wp\/v2\/users\/1"}],"replies":[{"embeddable":true,"href":"https:\/\/www.chemin-neuf.be\/fr\/wp-json\/wp\/v2\/comments?post=2675"}],"version-history":[{"count":12,"href":"https:\/\/www.chemin-neuf.be\/fr\/wp-json\/wp\/v2\/pages\/2675\/revisions"}],"predecessor-version":[{"id":3188,"href":"https:\/\/www.chemin-neuf.be\/fr\/wp-json\/wp\/v2\/pages\/2675\/revisions\/3188"}],"up":[{"embeddable":true,"href":"https:\/\/www.chemin-neuf.be\/fr\/wp-json\/wp\/v2\/pages\/349"}],"wp:featuredmedia":[{"embeddable":true,"href":"https:\/\/www.chemin-neuf.be\/fr\/wp-json\/wp\/v2\/media\/2690"}],"wp:attachment":[{"href":"https:\/\/www.chemin-neuf.be\/fr\/wp-json\/wp\/v2\/media?parent=2675"}],"curies":[{"name":"wp","href":"https:\/\/api.w.org\/{rel}","templated":true}]}}