{"id":2336,"date":"2021-05-05T17:27:11","date_gmt":"2021-05-05T15:27:11","guid":{"rendered":"https:\/\/next.chemin-neuf.be\/?page_id=2336"},"modified":"2024-08-13T15:49:32","modified_gmt":"2024-08-13T13:49:32","slug":"kot-detudiants","status":"publish","type":"page","link":"https:\/\/www.chemin-neuf.be\/fr\/missions\/kot-detudiants\/","title":{"rendered":"Kot d&rsquo;\u00e9tudiants"},"content":{"rendered":"\n<p>Les kots du Chemin Neuf sont des lieux de convivialit\u00e9 offrant un bon climat de travail, des temps des rencontres avec d&rsquo;autres jeunes, et des temps de formation humaine et spirituelle.<\/p>\n\n\n\n<div class=\"wp-block-columns is-layout-flex wp-container-core-columns-is-layout-9d6595d7 wp-block-columns-is-layout-flex\">\n<div class=\"wp-block-column is-layout-flow wp-block-column-is-layout-flow\">\n<figure class=\"wp-block-image size-large\"><img loading=\"lazy\" decoding=\"async\" width=\"1024\" height=\"768\" src=\"https:\/\/www.chemin-neuf.be\/wp-content\/uploads\/2021\/05\/P1140068-1024x768.jpg\" alt=\"\" class=\"wp-image-2701\" srcset=\"https:\/\/www.chemin-neuf.be\/wp-content\/uploads\/2021\/05\/P1140068-1024x768.jpg 1024w, https:\/\/www.chemin-neuf.be\/wp-content\/uploads\/2021\/05\/P1140068-300x225.jpg 300w, https:\/\/www.chemin-neuf.be\/wp-content\/uploads\/2021\/05\/P1140068-768x576.jpg 768w, https:\/\/www.chemin-neuf.be\/wp-content\/uploads\/2021\/05\/P1140068-1536x1152.jpg 1536w, https:\/\/www.chemin-neuf.be\/wp-content\/uploads\/2021\/05\/P1140068-2048x1536.jpg 2048w, https:\/\/www.chemin-neuf.be\/wp-content\/uploads\/2021\/05\/P1140068.jpg 1920w\" sizes=\"auto, (max-width: 1024px) 100vw, 1024px\" \/><\/figure>\n\n\n\n<h3 class=\"wp-block-heading\" id=\"fetmehagne\">Fraternit\u00e9 des \u00c9tudiants \u00e0 Mehagne<\/h3>\n\n\n\n<p>Pour \u00e9tudiant(e)s et jeunes professionnel(le)s de 18 \u00e0 27 ans. Dans un cadre idyllique (grand espace vert), une Fraternit\u00e9 qui privil\u00e9gie les \u00e9tudes, une vie fraternelle et amicale, parking gratuit.<\/p>\n\n\n\n<ul class=\"wp-block-list\">\n<li>\u00c0 15&nbsp;min de Li\u00e8ge (Embourg&nbsp;: au sein du <a href=\"https:\/\/www.chemin-neuf.be\/fr\/place\/carmel-de-mehagne\/\">Carmel de Mehagne<\/a>)<\/li>\n\n\n\n<li>Acc\u00e8s en Bus 30-64-65<\/li>\n\n\n\n<li>Repas : Petit-d\u00e9jeuner tous les jours et un repas du soir par semaine, ensemble. <\/li>\n\n\n\n<li>Ambiance familiale.<\/li>\n<\/ul>\n\n\n\n<div class=\"wp-block-buttons is-horizontal is-content-justification-center is-layout-flex wp-container-core-buttons-is-layout-499968f5 wp-block-buttons-is-layout-flex\">\n<div class=\"wp-block-button is-style-outline is-style-outline--1\"><a class=\"wp-block-button__link has-orange-color has-beige-background-color has-text-color has-background wp-element-button\" href=\"mailto:kot.liege@chemin-neuf.be\" style=\"border-radius:12px\">Contacte-nous<\/a><\/div>\n<\/div>\n<\/div>\n\n\n\n<div class=\"wp-block-column is-layout-flow wp-block-column-is-layout-flow\">\n<figure class=\"wp-block-image size-large\"><img loading=\"lazy\" decoding=\"async\" width=\"829\" height=\"620\" src=\"https:\/\/www.chemin-neuf.be\/wp-content\/uploads\/2021\/05\/BCH-tuin-1-3.jpeg\" alt=\"\" class=\"wp-image-2445\" srcset=\"https:\/\/www.chemin-neuf.be\/wp-content\/uploads\/2021\/05\/BCH-tuin-1-3.jpeg 829w, https:\/\/www.chemin-neuf.be\/wp-content\/uploads\/2021\/05\/BCH-tuin-1-3-300x224.jpeg 300w, https:\/\/www.chemin-neuf.be\/wp-content\/uploads\/2021\/05\/BCH-tuin-1-3-768x574.jpeg 768w\" sizes=\"auto, (max-width: 829px) 100vw, 829px\" \/><\/figure>\n\n\n\n<h3 class=\"wp-block-heading\" id=\"kotinberchem\">Kot \u00e0 Berchem<\/h3>\n\n\n\n<p class=\"has-text-align-right\"><a href=\"https:\/\/www.facebook.com\/kotberchem\/\" target=\"_blank\" rel=\"noreferrer noopener\"><i class=\"fab fa-facebook-square ccn-fa-icon\" aria-hidden=\"true\"> <\/i>kotberchem<\/a><\/p>\n\n\n\n<p>Le foyer chr\u00e9tien de la communaut\u00e9 du Chemin Neuf est un lieu agr\u00e9able et tranquille dans la ville, ouvert aux \u00e9tudiants de 18 \u00e0 25 ans. La communaut\u00e9 offre un bel endroit pour les \u00e9tudes, favorise la rencontre avec&nbsp;les autres et propose un temps de formation (partage de groupe, week-ends et retraite) pour d\u00e9couvrir ou approfondir la foi chr\u00e9tienne.<\/p>\n\n\n\n<ul class=\"wp-block-list\">\n<li>Au calme, au sein du <a href=\"https:\/\/www.chemin-neuf.be\/fr\/place\/baslique-sacre-coeur-berchem\/\">monast\u00e8re du Sacr\u00e9-C\u0153ur <\/a>\u00e0 Berchem (Anvers)<\/li>\n\n\n\n<li>Les campus sont facilement accessibles \u00e0 v\u00e9lo, tram et bus (<a href=\"https:\/\/www.delijn.be\/nl\/haltes\/halte\/101485\/Berchem_De_Merode\">De Merode<\/a> \/ <a href=\"https:\/\/www.delijn.be\/nl\/haltes\/halte\/102770\/Antwerpen_Harmonie\">Harmonie<\/a>)<\/li>\n\n\n\n<li>Meubl\u00e9, chambres individuelles avec lavabo inclus<\/li>\n\n\n\n<li>Petit-d\u00e9jeuner lundi-vendredi, souper chaud 3 fois par semaine<\/li>\n\n\n\n<li>Salle commune agr\u00e9able<\/li>\n\n\n\n<li>Wifi s\u00e9curis\u00e9<\/li>\n\n\n\n<li>Local v\u00e9los<\/li>\n\n\n\n<li>Une cuisine et une salle \u00e0 manger confortable<\/li>\n\n\n\n<li>Magnifique jardin<\/li>\n\n\n\n<li>Machine \u00e0 laver<\/li>\n<\/ul>\n\n\n\n<div class=\"wp-block-buttons is-horizontal is-content-justification-center is-layout-flex wp-container-core-buttons-is-layout-499968f5 wp-block-buttons-is-layout-flex\">\n<div class=\"wp-block-button is-style-outline is-style-outline--2\"><a class=\"wp-block-button__link has-orange-color has-beige-background-color has-text-color has-background wp-element-button\" href=\"mailto:kotberchem@chemin-neuf.be\" style=\"border-radius:12px\">Contacte-nous<\/a><\/div>\n<\/div>\n<\/div>\n<\/div>\n\n\n\n<div class=\"wp-block-columns alignwide are-vertically-aligned-top is-style-restricted-width is-layout-flex wp-container-core-columns-is-layout-9d6595d7 wp-block-columns-is-layout-flex\">\n<div class=\"wp-block-column is-vertically-aligned-top is-layout-flow wp-block-column-is-layout-flow\"><\/div>\n\n\n\n<div class=\"wp-block-column is-layout-flow wp-block-column-is-layout-flow\"><\/div>\n\n\n\n<div class=\"wp-block-column is-vertically-aligned-top is-layout-flow wp-block-column-is-layout-flow\" style=\"flex-basis:100%\">\n<div><div class=\"ootb-openstreetmap--map\" data-provider=\"openstreetmap\" data-maptype=\"marker\" data-showmarkers=\"true\" data-shapestyle=\"%7B%22fillColor%22%3A%22%23008EFF%22%2C%22color%22%3A%22%23008EFF%22%2C%22weight%22%3A3%7D\" data-shapetext=\"\" data-markers=\"%5B%7B%22lat%22%3A%2250.5969449%22%2C%22lng%22%3A%225.621448940440329%22%2C%22text%22%3A%22%3Cp%3EFET%20Mehagne%3C%2Fp%3E%22%7D%2C%7B%22lat%22%3A%2251.1971958%22%2C%22lng%22%3A%224.4121331081316715%22%2C%22text%22%3A%22%3Cp%3EKot%20Berchem%3C%2Fp%3E%22%7D%2C%7B%22lat%22%3A%2248.281730616339814%22%2C%22lng%22%3A%2212.467285022139551%22%2C%22text%22%3A%22%22%2C%22textRaw%22%3A%22%22%2C%22id%22%3A1723555826534%7D%5D\" data-bounds=\"[49.73946320816991,8.439709065135611]\" data-zoom=\"8\" data-minzoom=\"2\" data-maxzoom=\"18\" data-dragging=\"true\" data-touchzoom=\"true\" data-doubleclickzoom=\"true\" data-scrollwheelzoom=\"true\" data-marker=\"%7B%22iconUrl%22%3A%22https%3A%2F%2Fwww.chemin-neuf.be%2Fwp-content%2Fplugins%2Footb-openstreetmap%2Fassets%2Fvendor%2Fleaflet%2Fimages%2Fmarker-icon.png%22%2C%22iconAnchor%22%3A%5B12%2C41%5D%2C%22popupAnchor%22%3A%5B0%2C-41%5D%7D\" style=\"height:400px\"><\/div><\/div>\n<\/div>\n<\/div>\n\n\n\n<figure class=\"wp-block-gallery has-nested-images columns-3 wp-block-gallery-3 is-layout-flex wp-block-gallery-is-layout-flex\">\n<figure class=\"wp-block-image size-full\"><img loading=\"lazy\" decoding=\"async\" width=\"829\" height=\"540\" data-id=\"61211\" src=\"https:\/\/www.chemin-neuf.be\/wp-content\/uploads\/2024\/08\/BCH-tuin-1-3.jpeg\" alt=\"\" class=\"wp-image-61211\" srcset=\"https:\/\/www.chemin-neuf.be\/wp-content\/uploads\/2024\/08\/BCH-tuin-1-3.jpeg 829w, https:\/\/www.chemin-neuf.be\/wp-content\/uploads\/2024\/08\/BCH-tuin-1-3-300x195.jpeg 300w, https:\/\/www.chemin-neuf.be\/wp-content\/uploads\/2024\/08\/BCH-tuin-1-3-768x500.jpeg 768w\" sizes=\"auto, (max-width: 829px) 100vw, 829px\" \/><\/figure>\n\n\n\n<figure class=\"wp-block-image size-full\"><img loading=\"lazy\" decoding=\"async\" width=\"829\" height=\"540\" data-id=\"61213\" src=\"https:\/\/www.chemin-neuf.be\/wp-content\/uploads\/2024\/08\/IMG-20190514-WA0000-1024x683-1.jpg\" alt=\"\" class=\"wp-image-61213\" srcset=\"https:\/\/www.chemin-neuf.be\/wp-content\/uploads\/2024\/08\/IMG-20190514-WA0000-1024x683-1.jpg 829w, https:\/\/www.chemin-neuf.be\/wp-content\/uploads\/2024\/08\/IMG-20190514-WA0000-1024x683-1-300x195.jpg 300w, https:\/\/www.chemin-neuf.be\/wp-content\/uploads\/2024\/08\/IMG-20190514-WA0000-1024x683-1-768x500.jpg 768w\" sizes=\"auto, (max-width: 829px) 100vw, 829px\" \/><\/figure>\n\n\n\n<figure class=\"wp-block-image size-full\"><img loading=\"lazy\" decoding=\"async\" width=\"829\" height=\"540\" data-id=\"61215\" src=\"https:\/\/www.chemin-neuf.be\/wp-content\/uploads\/2024\/08\/modifier-1024x792-1.jpg\" alt=\"\" class=\"wp-image-61215\" srcset=\"https:\/\/www.chemin-neuf.be\/wp-content\/uploads\/2024\/08\/modifier-1024x792-1.jpg 829w, https:\/\/www.chemin-neuf.be\/wp-content\/uploads\/2024\/08\/modifier-1024x792-1-300x195.jpg 300w, https:\/\/www.chemin-neuf.be\/wp-content\/uploads\/2024\/08\/modifier-1024x792-1-768x500.jpg 768w\" sizes=\"auto, (max-width: 829px) 100vw, 829px\" \/><\/figure>\n\n\n\n<figure class=\"wp-block-image size-full\"><img loading=\"lazy\" decoding=\"async\" width=\"829\" height=\"540\" data-id=\"61217\" src=\"https:\/\/www.chemin-neuf.be\/wp-content\/uploads\/2024\/08\/IMG-20170901-WA0009-1024x576-1.jpg\" alt=\"\" class=\"wp-image-61217\" srcset=\"https:\/\/www.chemin-neuf.be\/wp-content\/uploads\/2024\/08\/IMG-20170901-WA0009-1024x576-1.jpg 829w, https:\/\/www.chemin-neuf.be\/wp-content\/uploads\/2024\/08\/IMG-20170901-WA0009-1024x576-1-300x195.jpg 300w, https:\/\/www.chemin-neuf.be\/wp-content\/uploads\/2024\/08\/IMG-20170901-WA0009-1024x576-1-768x500.jpg 768w\" sizes=\"auto, (max-width: 829px) 100vw, 829px\" \/><\/figure>\n\n\n\n<figure class=\"wp-block-image size-full\"><img loading=\"lazy\" decoding=\"async\" width=\"829\" height=\"540\" data-id=\"61219\" src=\"https:\/\/www.chemin-neuf.be\/wp-content\/uploads\/2024\/08\/2017-09-01-14.48.39.jpg\" alt=\"\" class=\"wp-image-61219\" srcset=\"https:\/\/www.chemin-neuf.be\/wp-content\/uploads\/2024\/08\/2017-09-01-14.48.39.jpg 829w, https:\/\/www.chemin-neuf.be\/wp-content\/uploads\/2024\/08\/2017-09-01-14.48.39-300x195.jpg 300w, https:\/\/www.chemin-neuf.be\/wp-content\/uploads\/2024\/08\/2017-09-01-14.48.39-768x500.jpg 768w\" sizes=\"auto, (max-width: 829px) 100vw, 829px\" \/><\/figure>\n\n\n\n<figure class=\"wp-block-image size-full\"><img loading=\"lazy\" decoding=\"async\" width=\"829\" height=\"540\" data-id=\"61221\" src=\"https:\/\/www.chemin-neuf.be\/wp-content\/uploads\/2024\/08\/P1130473-1024x768-2.jpg\" alt=\"\" class=\"wp-image-61221\" srcset=\"https:\/\/www.chemin-neuf.be\/wp-content\/uploads\/2024\/08\/P1130473-1024x768-2.jpg 829w, https:\/\/www.chemin-neuf.be\/wp-content\/uploads\/2024\/08\/P1130473-1024x768-2-300x195.jpg 300w, https:\/\/www.chemin-neuf.be\/wp-content\/uploads\/2024\/08\/P1130473-1024x768-2-768x500.jpg 768w\" sizes=\"auto, (max-width: 829px) 100vw, 829px\" \/><\/figure>\n<\/figure>\n","protected":false},"excerpt":{"rendered":"<p>Les kots du Chemin Neuf sont des lieux de convivialit\u00e9 offrant un bon climat de travail, des temps des rencontres avec d&rsquo;autres jeunes, et des temps de formation humaine et spirituelle. Fraternit\u00e9 des \u00c9tudiants \u00e0 Mehagne Pour \u00e9tudiant(e)s et jeunes professionnel(le)s de 18 \u00e0 27 ans. Dans un cadre idyllique (grand espace vert), une Fraternit\u00e9 [&hellip;]<\/p>\n","protected":false},"author":1,"featured_media":2588,"parent":349,"menu_order":2,"comment_status":"closed","ping_status":"closed","template":"","meta":{"_acf_changed":false,"footnotes":""},"class_list":["post-2336","page","type-page","status-publish","has-post-thumbnail","hentry"],"acf":[],"yoast_head":"<!-- This site is optimized with the Yoast SEO plugin v27.5 - https:\/\/yoast.com\/product\/yoast-seo-wordpress\/ -->\n<title>Kot d&#039;\u00e9tudiants - Chemin Neuf Belgique<\/title>\n<meta name=\"description\" content=\"Les kots du Chemin Neuf sont des lieux de convivialit\u00e9 offrant un bon climat de travail, des temps des rencontres avec d&#039;autres jeunes, et des temps de\" \/>\n<meta name=\"robots\" content=\"index, follow, max-snippet:-1, max-image-preview:large, max-video-preview:-1\" \/>\n<link rel=\"canonical\" href=\"https:\/\/www.chemin-neuf.be\/fr\/missions\/kot-detudiants\/\" \/>\n<meta property=\"og:locale\" content=\"fr_FR\" \/>\n<meta property=\"og:type\" content=\"article\" \/>\n<meta property=\"og:title\" content=\"Kot d&#039;\u00e9tudiants - Chemin Neuf Belgique\" \/>\n<meta property=\"og:description\" content=\"Les kots du Chemin Neuf sont des lieux de convivialit\u00e9 offrant un bon climat de travail, des temps des rencontres avec d&#039;autres jeunes, et des temps de\" \/>\n<meta property=\"og:url\" content=\"https:\/\/www.chemin-neuf.be\/fr\/missions\/kot-detudiants\/\" \/>\n<meta property=\"og:site_name\" content=\"Chemin Neuf Belgique\" \/>\n<meta property=\"article:modified_time\" content=\"2024-08-13T13:49:32+00:00\" \/>\n<meta property=\"og:image\" content=\"https:\/\/www.chemin-neuf.be\/wp-content\/uploads\/2021\/05\/xkkcui44im0.jpg\" \/>\n\t<meta property=\"og:image:width\" content=\"1600\" \/>\n\t<meta property=\"og:image:height\" content=\"1067\" \/>\n\t<meta property=\"og:image:type\" content=\"image\/jpeg\" \/>\n<meta name=\"twitter:card\" content=\"summary_large_image\" \/>\n<meta name=\"twitter:label1\" content=\"Dur\u00e9e de lecture est.\" \/>\n\t<meta name=\"twitter:data1\" content=\"3 minutes\" \/>\n<script type=\"application\/ld+json\" class=\"yoast-schema-graph\">{\"@context\":\"https:\\\/\\\/schema.org\",\"@graph\":[{\"@type\":\"WebPage\",\"@id\":\"https:\\\/\\\/www.chemin-neuf.be\\\/fr\\\/missions\\\/kot-detudiants\\\/\",\"url\":\"https:\\\/\\\/www.chemin-neuf.be\\\/fr\\\/missions\\\/kot-detudiants\\\/\",\"name\":\"Kot d'\u00e9tudiants - Chemin Neuf Belgique\",\"isPartOf\":{\"@id\":\"https:\\\/\\\/www.chemin-neuf.be\\\/fr\\\/#website\"},\"primaryImageOfPage\":{\"@id\":\"https:\\\/\\\/www.chemin-neuf.be\\\/fr\\\/missions\\\/kot-detudiants\\\/#primaryimage\"},\"image\":{\"@id\":\"https:\\\/\\\/www.chemin-neuf.be\\\/fr\\\/missions\\\/kot-detudiants\\\/#primaryimage\"},\"thumbnailUrl\":\"https:\\\/\\\/www.chemin-neuf.be\\\/wp-content\\\/uploads\\\/2021\\\/05\\\/xkkcui44im0.jpg\",\"datePublished\":\"2021-05-05T15:27:11+00:00\",\"dateModified\":\"2024-08-13T13:49:32+00:00\",\"description\":\"Les kots du Chemin Neuf sont des lieux de convivialit\u00e9 offrant un bon climat de travail, des temps des rencontres avec d'autres jeunes, et des temps de\",\"breadcrumb\":{\"@id\":\"https:\\\/\\\/www.chemin-neuf.be\\\/fr\\\/missions\\\/kot-detudiants\\\/#breadcrumb\"},\"inLanguage\":\"fr-BE\",\"potentialAction\":[{\"@type\":\"ReadAction\",\"target\":[\"https:\\\/\\\/www.chemin-neuf.be\\\/fr\\\/missions\\\/kot-detudiants\\\/\"]}]},{\"@type\":\"ImageObject\",\"inLanguage\":\"fr-BE\",\"@id\":\"https:\\\/\\\/www.chemin-neuf.be\\\/fr\\\/missions\\\/kot-detudiants\\\/#primaryimage\",\"url\":\"https:\\\/\\\/www.chemin-neuf.be\\\/wp-content\\\/uploads\\\/2021\\\/05\\\/xkkcui44im0.jpg\",\"contentUrl\":\"https:\\\/\\\/www.chemin-neuf.be\\\/wp-content\\\/uploads\\\/2021\\\/05\\\/xkkcui44im0.jpg\",\"width\":1600,\"height\":1067},{\"@type\":\"BreadcrumbList\",\"@id\":\"https:\\\/\\\/www.chemin-neuf.be\\\/fr\\\/missions\\\/kot-detudiants\\\/#breadcrumb\",\"itemListElement\":[{\"@type\":\"ListItem\",\"position\":1,\"name\":\"Home\",\"item\":\"https:\\\/\\\/www.chemin-neuf.be\\\/fr\\\/\"},{\"@type\":\"ListItem\",\"position\":2,\"name\":\"PROPOSITIONS\",\"item\":\"https:\\\/\\\/www.chemin-neuf.be\\\/fr\\\/missions\\\/\"},{\"@type\":\"ListItem\",\"position\":3,\"name\":\"Kot d&rsquo;\u00e9tudiants\"}]},{\"@type\":\"WebSite\",\"@id\":\"https:\\\/\\\/www.chemin-neuf.be\\\/fr\\\/#website\",\"url\":\"https:\\\/\\\/www.chemin-neuf.be\\\/fr\\\/\",\"name\":\"Chemin Neuf Belgique\",\"description\":\"Communaut\u00e9 du Chemin Neuf en Belgique\",\"potentialAction\":[{\"@type\":\"SearchAction\",\"target\":{\"@type\":\"EntryPoint\",\"urlTemplate\":\"https:\\\/\\\/www.chemin-neuf.be\\\/fr\\\/?s={search_term_string}\"},\"query-input\":{\"@type\":\"PropertyValueSpecification\",\"valueRequired\":true,\"valueName\":\"search_term_string\"}}],\"inLanguage\":\"fr-BE\"}]}<\/script>\n<!-- \/ Yoast SEO plugin. -->","yoast_head_json":{"title":"Kot d'\u00e9tudiants - Chemin Neuf Belgique","description":"Les kots du Chemin Neuf sont des lieux de convivialit\u00e9 offrant un bon climat de travail, des temps des rencontres avec d'autres jeunes, et des temps de","robots":{"index":"index","follow":"follow","max-snippet":"max-snippet:-1","max-image-preview":"max-image-preview:large","max-video-preview":"max-video-preview:-1"},"canonical":"https:\/\/www.chemin-neuf.be\/fr\/missions\/kot-detudiants\/","og_locale":"fr_FR","og_type":"article","og_title":"Kot d'\u00e9tudiants - Chemin Neuf Belgique","og_description":"Les kots du Chemin Neuf sont des lieux de convivialit\u00e9 offrant un bon climat de travail, des temps des rencontres avec d'autres jeunes, et des temps de","og_url":"https:\/\/www.chemin-neuf.be\/fr\/missions\/kot-detudiants\/","og_site_name":"Chemin Neuf Belgique","article_modified_time":"2024-08-13T13:49:32+00:00","og_image":[{"width":1600,"height":1067,"url":"https:\/\/www.chemin-neuf.be\/wp-content\/uploads\/2021\/05\/xkkcui44im0.jpg","type":"image\/jpeg"}],"twitter_card":"summary_large_image","twitter_misc":{"Dur\u00e9e de lecture est.":"3 minutes"},"schema":{"@context":"https:\/\/schema.org","@graph":[{"@type":"WebPage","@id":"https:\/\/www.chemin-neuf.be\/fr\/missions\/kot-detudiants\/","url":"https:\/\/www.chemin-neuf.be\/fr\/missions\/kot-detudiants\/","name":"Kot d'\u00e9tudiants - Chemin Neuf Belgique","isPartOf":{"@id":"https:\/\/www.chemin-neuf.be\/fr\/#website"},"primaryImageOfPage":{"@id":"https:\/\/www.chemin-neuf.be\/fr\/missions\/kot-detudiants\/#primaryimage"},"image":{"@id":"https:\/\/www.chemin-neuf.be\/fr\/missions\/kot-detudiants\/#primaryimage"},"thumbnailUrl":"https:\/\/www.chemin-neuf.be\/wp-content\/uploads\/2021\/05\/xkkcui44im0.jpg","datePublished":"2021-05-05T15:27:11+00:00","dateModified":"2024-08-13T13:49:32+00:00","description":"Les kots du Chemin Neuf sont des lieux de convivialit\u00e9 offrant un bon climat de travail, des temps des rencontres avec d'autres jeunes, et des temps de","breadcrumb":{"@id":"https:\/\/www.chemin-neuf.be\/fr\/missions\/kot-detudiants\/#breadcrumb"},"inLanguage":"fr-BE","potentialAction":[{"@type":"ReadAction","target":["https:\/\/www.chemin-neuf.be\/fr\/missions\/kot-detudiants\/"]}]},{"@type":"ImageObject","inLanguage":"fr-BE","@id":"https:\/\/www.chemin-neuf.be\/fr\/missions\/kot-detudiants\/#primaryimage","url":"https:\/\/www.chemin-neuf.be\/wp-content\/uploads\/2021\/05\/xkkcui44im0.jpg","contentUrl":"https:\/\/www.chemin-neuf.be\/wp-content\/uploads\/2021\/05\/xkkcui44im0.jpg","width":1600,"height":1067},{"@type":"BreadcrumbList","@id":"https:\/\/www.chemin-neuf.be\/fr\/missions\/kot-detudiants\/#breadcrumb","itemListElement":[{"@type":"ListItem","position":1,"name":"Home","item":"https:\/\/www.chemin-neuf.be\/fr\/"},{"@type":"ListItem","position":2,"name":"PROPOSITIONS","item":"https:\/\/www.chemin-neuf.be\/fr\/missions\/"},{"@type":"ListItem","position":3,"name":"Kot d&rsquo;\u00e9tudiants"}]},{"@type":"WebSite","@id":"https:\/\/www.chemin-neuf.be\/fr\/#website","url":"https:\/\/www.chemin-neuf.be\/fr\/","name":"Chemin Neuf Belgique","description":"Communaut\u00e9 du Chemin Neuf en Belgique","potentialAction":[{"@type":"SearchAction","target":{"@type":"EntryPoint","urlTemplate":"https:\/\/www.chemin-neuf.be\/fr\/?s={search_term_string}"},"query-input":{"@type":"PropertyValueSpecification","valueRequired":true,"valueName":"search_term_string"}}],"inLanguage":"fr-BE"}]}},"_links":{"self":[{"href":"https:\/\/www.chemin-neuf.be\/fr\/wp-json\/wp\/v2\/pages\/2336","targetHints":{"allow":["GET"]}}],"collection":[{"href":"https:\/\/www.chemin-neuf.be\/fr\/wp-json\/wp\/v2\/pages"}],"about":[{"href":"https:\/\/www.chemin-neuf.be\/fr\/wp-json\/wp\/v2\/types\/page"}],"author":[{"embeddable":true,"href":"https:\/\/www.chemin-neuf.be\/fr\/wp-json\/wp\/v2\/users\/1"}],"replies":[{"embeddable":true,"href":"https:\/\/www.chemin-neuf.be\/fr\/wp-json\/wp\/v2\/comments?post=2336"}],"version-history":[{"count":40,"href":"https:\/\/www.chemin-neuf.be\/fr\/wp-json\/wp\/v2\/pages\/2336\/revisions"}],"predecessor-version":[{"id":61241,"href":"https:\/\/www.chemin-neuf.be\/fr\/wp-json\/wp\/v2\/pages\/2336\/revisions\/61241"}],"up":[{"embeddable":true,"href":"https:\/\/www.chemin-neuf.be\/fr\/wp-json\/wp\/v2\/pages\/349"}],"wp:featuredmedia":[{"embeddable":true,"href":"https:\/\/www.chemin-neuf.be\/fr\/wp-json\/wp\/v2\/media\/2588"}],"wp:attachment":[{"href":"https:\/\/www.chemin-neuf.be\/fr\/wp-json\/wp\/v2\/media?parent=2336"}],"curies":[{"name":"wp","href":"https:\/\/api.w.org\/{rel}","templated":true}]}}